{"id":1027,"date":"2024-11-26T06:35:49","date_gmt":"2024-11-26T06:35:49","guid":{"rendered":"https:\/\/wordpress.themeholy.com\/saor\/?page_id=1027"},"modified":"2025-10-28T00:20:40","modified_gmt":"2025-10-28T04:20:40","slug":"contacto","status":"publish","type":"page","link":"https:\/\/clarylegal.cl\/?page_id=1027","title":{"rendered":"Contacto"},"content":{"rendered":"\t\t<div data-elementor-type=\"wp-page\" data-elementor-id=\"1027\" class=\"elementor elementor-1027\" data-elementor-post-type=\"page\">\n\t\t\t\t<div class=\"elementor-element elementor-element-99e8406 e-flex e-con-boxed e-con e-parent\" data-id=\"99e8406\" data-element_type=\"container\">\n\t\t\t\t\t<div class=\"e-con-inner\">\n\t\t\r\n\t\t<div class=\"elementor-element elementor-element-5f6f99e elementor-widget elementor-widget-saorcontactinfo\" data-id=\"5f6f99e\" data-element_type=\"widget\" data-widget_type=\"saorcontactinfo.default\">\n\t\t\t\t<div class=\"elementor-widget-container\">\n\t\t\t\t\t<div class=\"title-area text-center\"><h2 class=\"sec-title\">Nuestra Informaci\u00f3n de Contacto<\/h2><\/div><div class=\"row gy-4\"><div class=\"col-xl-4 col-md-6\"><div class=\"contact-media\"><div class=\"icon-btn\"><i class=\"fa-sharp fa-light fa-location-dot\"><\/i><\/div><div class=\"media-body\"><h5 class=\"box-title\">Ubicaci\u00f3n<\/h5><p class=\"box-text\">Santiago, Chile.<\/p><\/div><\/div><\/div><div class=\"col-xl-4 col-md-6\"><div class=\"contact-media\"><div class=\"icon-btn\"><i class=\"fa-regular fa-phone\"><\/i>\n\n<\/div><div class=\"media-body\"><h5 class=\"box-title\">Contacto<\/h5><p class=\"box-text\"> <a href=\"tel:+56 9 8575 5052\">Mobile: +56 9 8575 5052<\/a>\n\n<a href=\"mailto:info@clarylegal.cl\">Email: info@clarylegal.cl<\/a><\/p><\/div><\/div><\/div><div class=\"col-xl-4 col-md-6\"><div class=\"contact-media\"><div class=\"icon-btn\"><i class=\"fa-light fa-clock\"><\/i><\/div><div class=\"media-body\"><h5 class=\"box-title\">Horarios de atenci\u00f3n<\/h5><p class=\"box-text\">Lunes - Lunes: sin descanso.<\/p><\/div><\/div><\/div><\/div>\t\t\t\t<\/div>\n\t\t\t\t<\/div>\n\t\t\t\t\t<\/div>\n\t\t\t\t<\/div>\n\t\t<div class=\"elementor-element elementor-element-5d1f111 e-flex e-con-boxed e-con e-parent\" data-id=\"5d1f111\" data-element_type=\"container\">\n\t\t\t\t\t<div class=\"e-con-inner\">\n\t\t\t\t<div class=\"elementor-element elementor-element-6216696 elementor-widget elementor-widget-saorcontactform\" data-id=\"6216696\" data-element_type=\"widget\" data-widget_type=\"saorcontactform.default\">\n\t\t\t\t<div class=\"elementor-widget-container\">\n\t\t\t\t\t<div class=\"search-contact text-center\">\n<div class=\"wpcf7 no-js\" id=\"wpcf7-f3628-o1\" lang=\"en-US\" dir=\"ltr\" data-wpcf7-id=\"3628\">\n<div class=\"screen-reader-response\"><p role=\"status\" aria-live=\"polite\" aria-atomic=\"true\"><\/p> <ul><\/ul><\/div>\n<form action=\"\/index.php?rest_route=%2Fwp%2Fv2%2Fpages%2F1027#wpcf7-f3628-o1\" method=\"post\" class=\"wpcf7-form init\" aria-label=\"Contact form\" novalidate=\"novalidate\" data-status=\"init\">\n<fieldset class=\"hidden-fields-container\"><input type=\"hidden\" name=\"_wpcf7\" value=\"3628\" \/><input type=\"hidden\" name=\"_wpcf7_version\" value=\"6.1.2\" \/><input type=\"hidden\" name=\"_wpcf7_locale\" value=\"en_US\" \/><input type=\"hidden\" name=\"_wpcf7_unit_tag\" value=\"wpcf7-f3628-o1\" \/><input type=\"hidden\" name=\"_wpcf7_container_post\" value=\"0\" \/><input type=\"hidden\" name=\"_wpcf7_posted_data_hash\" value=\"\" \/>\n<\/fieldset>\n<div class=\"contact-form style2 ajax-contact\">\n                            <h3 class=\"text-center mb-30\">\u00bfNecesitas gu\u00eda para algo en particular?<\/h3>\n                            <div class=\"row\">\n                                <div class=\"col-md-6 form-group\">\n<span class=\"wpcf7-form-control-wrap\" data-name=\"text-886\"><input size=\"40\" maxlength=\"400\" class=\"wpcf7-form-control wpcf7-text form-control\" aria-invalid=\"false\" placeholder=\"Nombre*\" value=\"\" type=\"text\" name=\"text-886\" \/><\/span>\n                                    <i class=\"far fa-user\"><\/i>\n                                <\/div>\n                                <div class=\"col-md-6 form-group\">\n<span class=\"wpcf7-form-control-wrap\" data-name=\"text-922\"><input size=\"40\" maxlength=\"400\" class=\"wpcf7-form-control wpcf7-text form-control\" aria-invalid=\"false\" placeholder=\"Email*\" value=\"\" type=\"text\" name=\"text-922\" \/><\/span>\n                                    <i class=\"far fa-envelope\"><\/i>\n                                <\/div>\n                                <div class=\"col-md-6 form-group\">\n<span class=\"wpcf7-form-control-wrap\" data-name=\"tel-37\"><input size=\"40\" maxlength=\"400\" class=\"wpcf7-form-control wpcf7-tel wpcf7-text wpcf7-validates-as-tel form-control\" aria-invalid=\"false\" placeholder=\"Telefono*\" value=\"\" type=\"tel\" name=\"tel-37\" \/><\/span>\n                                    <i class=\"fal fa-phone\"><\/i>\n                                <\/div>\n                               \n                                <div class=\"form-group col-12\">\n<span class=\"wpcf7-form-control-wrap\" data-name=\"textarea-411\"><textarea cols=\"40\" rows=\"10\" maxlength=\"2000\" class=\"wpcf7-form-control wpcf7-textarea form-control\" aria-invalid=\"false\" placeholder=\"Cu\u00e9ntanos tu problema y veremos c\u00f3mo podemos ayudarte o derivarte*\" name=\"textarea-411\"><\/textarea><\/span>\n                                    <i class=\"fal fa-pencil\"><\/i>\n                                <\/div>\n                                <div class=\"col-12 form-group mb-0 text-center\">\n                                    <button class=\"th-btn th-radius\">Enviar<\/button>\n                                <\/div>\n                            <\/div>\n                            <p class=\"form-messages mb-0 mt-3\"><\/p>\n                        <\/div><div class=\"wpcf7-response-output\" aria-hidden=\"true\"><\/div>\n<\/form>\n<\/div>\n<\/div>\t\t\t\t<\/div>\n\t\t\t\t<\/div>\n\t\t\t\t\t<\/div>\n\t\t\t\t<\/div>\n\t\t\t\t<\/div>\n\t\t","protected":false},"excerpt":{"rendered":"<p>Nuestra Informaci\u00f3n de Contacto Ubicaci\u00f3n Santiago, Chile. Contacto Mobile: +56 9 8575 5052 Email: info@clarylegal.cl Horarios de atenci\u00f3n Lunes &#8211; Lunes: sin descanso. \u00bfNecesitas gu\u00eda para algo en particular? Enviar<\/p>\n","protected":false},"author":1,"featured_media":0,"parent":0,"menu_order":0,"comment_status":"closed","ping_status":"closed","template":"template-builder.php","meta":{"inline_featured_image":false,"footnotes":""},"class_list":["post-1027","page","type-page","status-publish","hentry"],"_links":{"self":[{"href":"https:\/\/clarylegal.cl\/index.php?rest_route=\/wp\/v2\/pages\/1027","targetHints":{"allow":["GET"]}}],"collection":[{"href":"https:\/\/clarylegal.cl\/index.php?rest_route=\/wp\/v2\/pages"}],"about":[{"href":"https:\/\/clarylegal.cl\/index.php?rest_route=\/wp\/v2\/types\/page"}],"author":[{"embeddable":true,"href":"https:\/\/clarylegal.cl\/index.php?rest_route=\/wp\/v2\/users\/1"}],"replies":[{"embeddable":true,"href":"https:\/\/clarylegal.cl\/index.php?rest_route=%2Fwp%2Fv2%2Fcomments&post=1027"}],"version-history":[{"count":7,"href":"https:\/\/clarylegal.cl\/index.php?rest_route=\/wp\/v2\/pages\/1027\/revisions"}],"predecessor-version":[{"id":5758,"href":"https:\/\/clarylegal.cl\/index.php?rest_route=\/wp\/v2\/pages\/1027\/revisions\/5758"}],"wp:attachment":[{"href":"https:\/\/clarylegal.cl\/index.php?rest_route=%2Fwp%2Fv2%2Fmedia&parent=1027"}],"curies":[{"name":"wp","href":"https:\/\/api.w.org\/{rel}","templated":true}]}}