{"id":5251,"date":"2025-07-21T15:00:06","date_gmt":"2025-07-21T15:00:06","guid":{"rendered":"https:\/\/clarylegal.cl\/?page_id=5251"},"modified":"2025-11-18T16:56:36","modified_gmt":"2025-11-18T20:56:36","slug":"colaboradores-externos","status":"publish","type":"page","link":"https:\/\/clarylegal.cl\/?page_id=5251","title":{"rendered":"Colaboradores Externos"},"content":{"rendered":"\t\t<div data-elementor-type=\"wp-page\" data-elementor-id=\"5251\" class=\"elementor elementor-5251\" data-elementor-post-type=\"page\">\n\t\t\t\t<div class=\"elementor-element elementor-element-6ba971c4 e-flex e-con-boxed e-con e-parent\" data-id=\"6ba971c4\" data-element_type=\"container\">\n\t\t\t\t\t<div class=\"e-con-inner\">\n\t\t\t\t<div class=\"elementor-element elementor-element-531dee4 elementor-widget elementor-widget-spacer\" data-id=\"531dee4\" data-element_type=\"widget\" data-widget_type=\"spacer.default\">\n\t\t\t\t<div class=\"elementor-widget-container\">\n\t\t\t\t\t\t\t<div class=\"elementor-spacer\">\n\t\t\t<div class=\"elementor-spacer-inner\"><\/div>\n\t\t<\/div>\n\t\t\t\t\t\t<\/div>\n\t\t\t\t<\/div>\n\t\t\r\n\t\t<div class=\"elementor-element elementor-element-1cdd453f elementor-widget__width-initial elementor-widget elementor-widget-saorsectiontitle\" data-id=\"1cdd453f\" data-element_type=\"widget\" data-widget_type=\"saorsectiontitle.default\">\n\t\t\t\t<div class=\"elementor-widget-container\">\n\t\t\t\t\t\t\t<div class=\"title-area text-left title-area text-center\">\r\n\t\t\t<span class=\"sub-title sub-title sub-title4 text-ani-style2\">Colaboradores<span><\/span><\/span><h2 class=\"sec-title sec-title text-ani-style3\">Colaboradores Externos<\/h2><p>En Clary creemos en la colaboraci\u00f3n: universidades, ONGs, estudios, empresas y personas que comparten nuestro objetivo de explicar el derecho en simple. Sumamos tiempo, revisi\u00f3n de contenidos, difusi\u00f3n y apoyo para llegar a m\u00e1s lugares y aulas. Si quieres aportar, aqu\u00ed encuentras formas concretas de sumarte.<\/p>\t\t<\/div>\r\n\r\n\t\t\t\t\t<\/div>\n\t\t\t\t<\/div>\n\t\t\t\t\t<\/div>\n\t\t\t\t<\/div>\n\t\t<div class=\"elementor-element elementor-element-c18163a e-flex e-con-boxed e-con e-child\" data-id=\"c18163a\" data-element_type=\"container\">\n\t\t\t\t\t<div class=\"e-con-inner\">\n\t\t\t\t<div class=\"elementor-element elementor-element-00353ea elementor-widget elementor-widget-spacer\" data-id=\"00353ea\" data-element_type=\"widget\" data-widget_type=\"spacer.default\">\n\t\t\t\t<div class=\"elementor-widget-container\">\n\t\t\t\t\t\t\t<div class=\"elementor-spacer\">\n\t\t\t<div class=\"elementor-spacer-inner\"><\/div>\n\t\t<\/div>\n\t\t\t\t\t\t<\/div>\n\t\t\t\t<\/div>\n\t\t\t\t<div class=\"elementor-element elementor-element-2c178d5 elementor-widget elementor-widget-heading\" data-id=\"2c178d5\" data-element_type=\"widget\" data-widget_type=\"heading.default\">\n\t\t\t\t<div class=\"elementor-widget-container\">\n\t\t\t\t\t<h3 class=\"elementor-heading-title elementor-size-default\">Instituciones<\/h3>\t\t\t\t<\/div>\n\t\t\t\t<\/div>\n\t\t\t\t\t<\/div>\n\t\t\t\t<\/div>\n\t\t<div class=\"elementor-element elementor-element-466e07e9 e-flex e-con-boxed e-con e-child\" data-id=\"466e07e9\" data-element_type=\"container\">\n\t\t\t\t\t<div class=\"e-con-inner\">\n\t\t\t\t<div class=\"elementor-element elementor-element-fcd32a6 elementor-widget elementor-widget-n-accordion\" data-id=\"fcd32a6\" data-element_type=\"widget\" data-settings=\"{&quot;default_state&quot;:&quot;expanded&quot;,&quot;max_items_expended&quot;:&quot;one&quot;,&quot;n_accordion_animation_duration&quot;:{&quot;unit&quot;:&quot;ms&quot;,&quot;size&quot;:400,&quot;sizes&quot;:[]}}\" data-widget_type=\"nested-accordion.default\">\n\t\t\t\t<div class=\"elementor-widget-container\">\n\t\t\t\t\t\t\t<div class=\"e-n-accordion\" aria-label=\"Accordion. Open links with Enter or Space, close with Escape, and navigate with Arrow Keys\">\n\t\t\t\t\t\t<details id=\"e-n-accordion-item-2650\" class=\"e-n-accordion-item\" open>\n\t\t\t\t<summary class=\"e-n-accordion-item-title\" data-accordion-index=\"1\" tabindex=\"0\" aria-expanded=\"true\" aria-controls=\"e-n-accordion-item-2650\" >\n\t\t\t\t\t<span class='e-n-accordion-item-title-header'><div class=\"e-n-accordion-item-title-text\"> Fundaci\u00f3n Encuentra tu Lugar <\/div><\/span>\n\t\t\t\t\t\t\t<span class='e-n-accordion-item-title-icon'>\n\t\t\t<span class='e-opened' ><i aria-hidden=\"true\" class=\"fas fa-minus\"><\/i><\/span>\n\t\t\t<span class='e-closed'><i aria-hidden=\"true\" class=\"fas fa-plus\"><\/i><\/span>\n\t\t<\/span>\n\n\t\t\t\t\t\t<\/summary>\n\t\t\t\t<div role=\"region\" aria-labelledby=\"e-n-accordion-item-2650\" class=\"elementor-element elementor-element-47b1b4b e-con-full e-flex e-con e-child\" data-id=\"47b1b4b\" data-element_type=\"container\">\n\t\t<div role=\"region\" aria-labelledby=\"e-n-accordion-item-2650\" class=\"elementor-element elementor-element-860eb19 e-con-full e-flex e-con e-child\" data-id=\"860eb19\" data-element_type=\"container\">\n\t\t\t\t<div class=\"elementor-element elementor-element-db0afe3 elementor-widget elementor-widget-heading\" data-id=\"db0afe3\" data-element_type=\"widget\" data-widget_type=\"heading.default\">\n\t\t\t\t<div class=\"elementor-widget-container\">\n\t\t\t\t\t<h2 class=\"elementor-heading-title elementor-size-default\">Encuentra tu lugar<\/h2>\t\t\t\t<\/div>\n\t\t\t\t<\/div>\n\t\t\t\t<div class=\"elementor-element elementor-element-fbc41b4 elementor-widget elementor-widget-text-editor\" data-id=\"fbc41b4\" data-element_type=\"widget\" data-widget_type=\"text-editor.default\">\n\t\t\t\t<div class=\"elementor-widget-container\">\n\t\t\t\t\t\t\t\t\t<p><strong>Una Fundaci\u00f3n comprometida con la construcci\u00f3n de una sociedad inclusiva y accesible para todas las personas. Su misi\u00f3n es generar conciencia y promover acciones concretas que permitan derribar barreras y eliminar la invisibilidad que enfrentan aquellos que viven con alguna discapacidad. En ese sentido, Isidora Uribe es parte del equipo Clary y se encarga de visibilizar los derechos en mater\u00eda de inclusi\u00f3n y personas en situaci\u00f3n de discapacidad.\u00a0<\/strong><\/p>\t\t\t\t\t\t\t\t<\/div>\n\t\t\t\t<\/div>\n\t\t\t\t<\/div>\n\t\t<div role=\"region\" aria-labelledby=\"e-n-accordion-item-2650\" class=\"elementor-element elementor-element-f50ddfa e-con-full e-flex e-con e-child\" data-id=\"f50ddfa\" data-element_type=\"container\">\n\t\t\t\t<div class=\"elementor-element elementor-element-b3d0877 elementor-widget elementor-widget-saorimage\" data-id=\"b3d0877\" data-element_type=\"widget\" data-widget_type=\"saorimage.default\">\n\t\t\t\t<div class=\"elementor-widget-container\">\n\t\t\t\t\t<div class=\"img-box1 ps-xl-4\"><div class=\"img1 th-anim\"><img decoding=\"async\" src=\"https:\/\/clarylegal.cl\/wp-content\/uploads\/2025\/08\/Logo-encuentra-tu-lugar-hd-1-e1756326235683.png\" alt=\"Logo encuentra tu lugar hd 1 e1756326235683\"  \/> <\/div><\/div>\t\t\t\t<\/div>\n\t\t\t\t<\/div>\n\t\t\t\t<\/div>\n\t\t\t\t<\/div>\n\t\t\t\t\t<\/details>\n\t\t\t\t\t<\/div>\n\t\t\t\t\t\t<\/div>\n\t\t\t\t<\/div>\n\t\t\t\t\t<\/div>\n\t\t\t\t<\/div>\n\t\t<div class=\"elementor-element elementor-element-cb22ebc e-flex e-con-boxed e-con e-child\" data-id=\"cb22ebc\" data-element_type=\"container\">\n\t\t\t\t\t<div class=\"e-con-inner\">\n\t\t\t\t<div class=\"elementor-element elementor-element-a216a74 elementor-widget elementor-widget-spacer\" data-id=\"a216a74\" data-element_type=\"widget\" data-widget_type=\"spacer.default\">\n\t\t\t\t<div class=\"elementor-widget-container\">\n\t\t\t\t\t\t\t<div class=\"elementor-spacer\">\n\t\t\t<div class=\"elementor-spacer-inner\"><\/div>\n\t\t<\/div>\n\t\t\t\t\t\t<\/div>\n\t\t\t\t<\/div>\n\t\t\t\t<div class=\"elementor-element elementor-element-bc7fb5a elementor-widget elementor-widget-heading\" data-id=\"bc7fb5a\" data-element_type=\"widget\" data-widget_type=\"heading.default\">\n\t\t\t\t<div class=\"elementor-widget-container\">\n\t\t\t\t\t<h3 class=\"elementor-heading-title elementor-size-default\">Profesores<\/h3>\t\t\t\t<\/div>\n\t\t\t\t<\/div>\n\t\t\t\t\t<\/div>\n\t\t\t\t<\/div>\n\t\t<div class=\"elementor-element elementor-element-3c41375 e-flex e-con-boxed e-con e-child\" data-id=\"3c41375\" data-element_type=\"container\">\n\t\t\t\t\t<div class=\"e-con-inner\">\n\t\t\t\t<div class=\"elementor-element elementor-element-0ef1edb elementor-widget elementor-widget-n-accordion\" data-id=\"0ef1edb\" data-element_type=\"widget\" data-settings=\"{&quot;default_state&quot;:&quot;expanded&quot;,&quot;max_items_expended&quot;:&quot;one&quot;,&quot;n_accordion_animation_duration&quot;:{&quot;unit&quot;:&quot;ms&quot;,&quot;size&quot;:400,&quot;sizes&quot;:[]}}\" data-widget_type=\"nested-accordion.default\">\n\t\t\t\t<div class=\"elementor-widget-container\">\n\t\t\t\t\t\t\t<div class=\"e-n-accordion\" aria-label=\"Accordion. Open links with Enter or Space, close with Escape, and navigate with Arrow Keys\">\n\t\t\t\t\t\t<details id=\"e-n-accordion-item-1560\" class=\"e-n-accordion-item\" open>\n\t\t\t\t<summary class=\"e-n-accordion-item-title\" data-accordion-index=\"1\" tabindex=\"0\" aria-expanded=\"true\" aria-controls=\"e-n-accordion-item-1560\" >\n\t\t\t\t\t<span class='e-n-accordion-item-title-header'><div class=\"e-n-accordion-item-title-text\"> Isa\u00edas Rodr\u00edguez Reyes <\/div><\/span>\n\t\t\t\t\t\t\t<span class='e-n-accordion-item-title-icon'>\n\t\t\t<span class='e-opened' ><i aria-hidden=\"true\" class=\"fas fa-minus\"><\/i><\/span>\n\t\t\t<span class='e-closed'><i aria-hidden=\"true\" class=\"fas fa-plus\"><\/i><\/span>\n\t\t<\/span>\n\n\t\t\t\t\t\t<\/summary>\n\t\t\t\t<div role=\"region\" aria-labelledby=\"e-n-accordion-item-1560\" class=\"elementor-element elementor-element-e4b113a e-con-full e-flex e-con e-child\" data-id=\"e4b113a\" data-element_type=\"container\">\n\t\t<div role=\"region\" aria-labelledby=\"e-n-accordion-item-1560\" class=\"elementor-element elementor-element-b3c42eb e-con-full e-flex e-con e-child\" data-id=\"b3c42eb\" data-element_type=\"container\">\n\t\t\t\t<div class=\"elementor-element elementor-element-0201c4a elementor-widget elementor-widget-heading\" data-id=\"0201c4a\" data-element_type=\"widget\" data-widget_type=\"heading.default\">\n\t\t\t\t<div class=\"elementor-widget-container\">\n\t\t\t\t\t<h2 class=\"elementor-heading-title elementor-size-default\">Isa\u00edas Rodr\u00edguez Reyes<\/h2>\t\t\t\t<\/div>\n\t\t\t\t<\/div>\n\t\t\t\t<div class=\"elementor-element elementor-element-3fb5031 elementor-widget elementor-widget-text-editor\" data-id=\"3fb5031\" data-element_type=\"widget\" data-widget_type=\"text-editor.default\">\n\t\t\t\t<div class=\"elementor-widget-container\">\n\t\t\t\t\t\t\t\t\t<p>Abogado especialista en <strong>Derecho del Trabajo<\/strong> y <strong>Seguridad Social<\/strong>\u00a0<\/p><p class=\"cvGsUA direction-ltr align-justify para-style-body\"><span class=\"a_GcMg font-feature-liga-off font-feature-clig-off font-feature-calt-off text-decoration-none text-strikethrough-none\">Con m\u00e1s de 14 a\u00f1os de experiencia es Licenciado en Derecho de la Pontificia Universidad Cat\u00f3lica de Chile y Magister en Derecho del Trabajo y Seguridad Social de la Universidad de Chile.<\/span><\/p><p class=\"cvGsUA direction-ltr align-justify para-style-body\"><span class=\"a_GcMg font-feature-liga-off font-feature-clig-off font-feature-calt-off text-decoration-none text-strikethrough-none\">Actualmente se desempe\u00f1a como Profesor en el Departamento de Pr\u00e1ctica y Asistencia Legal de la Cl\u00ednica Jur\u00eddica de Derecho UC.<\/span><\/p><p>Correo:<strong> irodriguez@rmrlaboral.com<\/strong><\/p>\t\t\t\t\t\t\t\t<\/div>\n\t\t\t\t<\/div>\n\t\t\t\t<\/div>\n\t\t<div role=\"region\" aria-labelledby=\"e-n-accordion-item-1560\" class=\"elementor-element elementor-element-2ef8422 e-con-full e-flex e-con e-child\" data-id=\"2ef8422\" data-element_type=\"container\">\n\t\t\t\t<div class=\"elementor-element elementor-element-e7ae0e0 elementor-widget elementor-widget-saorimage\" data-id=\"e7ae0e0\" data-element_type=\"widget\" data-widget_type=\"saorimage.default\">\n\t\t\t\t<div class=\"elementor-widget-container\">\n\t\t\t\t\t<div class=\"img-box1 ps-xl-4\"><div class=\"img1 th-anim\"><img decoding=\"async\" src=\"https:\/\/clarylegal.cl\/wp-content\/uploads\/2025\/08\/Profe-Isaias.png\" alt=\"Profe Isaias\"  \/> <\/div><\/div>\t\t\t\t<\/div>\n\t\t\t\t<\/div>\n\t\t\t\t<\/div>\n\t\t\t\t<\/div>\n\t\t\t\t\t<\/details>\n\t\t\t\t\t<\/div>\n\t\t\t\t\t\t<\/div>\n\t\t\t\t<\/div>\n\t\t\t\t\t<\/div>\n\t\t\t\t<\/div>\n\t\t<div class=\"elementor-element elementor-element-6db86391 e-flex e-con-boxed e-con e-child\" data-id=\"6db86391\" data-element_type=\"container\">\n\t\t\t\t\t<div class=\"e-con-inner\">\n\t\t\t\t<div class=\"elementor-element elementor-element-748c4c7 elementor-widget elementor-widget-spacer\" data-id=\"748c4c7\" data-element_type=\"widget\" data-widget_type=\"spacer.default\">\n\t\t\t\t<div class=\"elementor-widget-container\">\n\t\t\t\t\t\t\t<div class=\"elementor-spacer\">\n\t\t\t<div class=\"elementor-spacer-inner\"><\/div>\n\t\t<\/div>\n\t\t\t\t\t\t<\/div>\n\t\t\t\t<\/div>\n\t\t\t\t<div class=\"elementor-element elementor-element-a65cff7 elementor-widget elementor-widget-heading\" data-id=\"a65cff7\" data-element_type=\"widget\" data-widget_type=\"heading.default\">\n\t\t\t\t<div class=\"elementor-widget-container\">\n\t\t\t\t\t<h3 class=\"elementor-heading-title elementor-size-default\">Abogados<\/h3>\t\t\t\t<\/div>\n\t\t\t\t<\/div>\n\t\t\t\t\t<\/div>\n\t\t\t\t<\/div>\n\t\t<div class=\"elementor-element elementor-element-90d1226 e-flex e-con-boxed e-con e-child\" data-id=\"90d1226\" data-element_type=\"container\">\n\t\t\t\t\t<div class=\"e-con-inner\">\n\t\t\t\t<div class=\"elementor-element elementor-element-c7d080b elementor-widget elementor-widget-n-accordion\" data-id=\"c7d080b\" data-element_type=\"widget\" data-settings=\"{&quot;default_state&quot;:&quot;expanded&quot;,&quot;max_items_expended&quot;:&quot;one&quot;,&quot;n_accordion_animation_duration&quot;:{&quot;unit&quot;:&quot;ms&quot;,&quot;size&quot;:400,&quot;sizes&quot;:[]}}\" data-widget_type=\"nested-accordion.default\">\n\t\t\t\t<div class=\"elementor-widget-container\">\n\t\t\t\t\t\t\t<div class=\"e-n-accordion\" aria-label=\"Accordion. Open links with Enter or Space, close with Escape, and navigate with Arrow Keys\">\n\t\t\t\t\t\t<details id=\"e-n-accordion-item-2090\" class=\"e-n-accordion-item\" open>\n\t\t\t\t<summary class=\"e-n-accordion-item-title\" data-accordion-index=\"1\" tabindex=\"0\" aria-expanded=\"true\" aria-controls=\"e-n-accordion-item-2090\" >\n\t\t\t\t\t<span class='e-n-accordion-item-title-header'><div class=\"e-n-accordion-item-title-text\"> Chiley <\/div><\/span>\n\t\t\t\t\t\t\t<span class='e-n-accordion-item-title-icon'>\n\t\t\t<span class='e-opened' ><i aria-hidden=\"true\" class=\"fas fa-minus\"><\/i><\/span>\n\t\t\t<span class='e-closed'><i aria-hidden=\"true\" class=\"fas fa-plus\"><\/i><\/span>\n\t\t<\/span>\n\n\t\t\t\t\t\t<\/summary>\n\t\t\t\t<div role=\"region\" aria-labelledby=\"e-n-accordion-item-2090\" class=\"elementor-element elementor-element-76a4544 e-con-full e-flex e-con e-child\" data-id=\"76a4544\" data-element_type=\"container\">\n\t\t<div role=\"region\" aria-labelledby=\"e-n-accordion-item-2090\" class=\"elementor-element elementor-element-37be2d0 e-con-full e-flex e-con e-child\" data-id=\"37be2d0\" data-element_type=\"container\">\n\t\t\t\t<div class=\"elementor-element elementor-element-8e9e939 elementor-widget elementor-widget-heading\" data-id=\"8e9e939\" data-element_type=\"widget\" data-widget_type=\"heading.default\">\n\t\t\t\t<div class=\"elementor-widget-container\">\n\t\t\t\t\t<h2 class=\"elementor-heading-title elementor-size-default\">Chiley<\/h2>\t\t\t\t<\/div>\n\t\t\t\t<\/div>\n\t\t\t\t<div class=\"elementor-element elementor-element-3988d30 elementor-widget elementor-widget-text-editor\" data-id=\"3988d30\" data-element_type=\"widget\" data-widget_type=\"text-editor.default\">\n\t\t\t\t<div class=\"elementor-widget-container\">\n\t\t\t\t\t\t\t\t\t<p>Uno de los primeros estudios jur\u00eddicos creado en redes sociales. Acompa\u00f1an tu caso con pasos claros y seguimiento humano. Atienden materias de Derecho Civil (deudas, fraudes electr\u00f3nicos, etc.), Derecho Laboral y Derecho Penal. Con presencia en Santiago y Temuco. Puedes agendar una consulta online y empezar con certezas hoy.<\/p>\t\t\t\t\t\t\t\t<\/div>\n\t\t\t\t<\/div>\n\t\t\t\t<\/div>\n\t\t<div role=\"region\" aria-labelledby=\"e-n-accordion-item-2090\" class=\"elementor-element elementor-element-d4d6fcc e-con-full e-flex e-con e-child\" data-id=\"d4d6fcc\" data-element_type=\"container\">\n\t\t\t\t<div class=\"elementor-element elementor-element-c49153c elementor-widget elementor-widget-saorimage\" data-id=\"c49153c\" data-element_type=\"widget\" data-widget_type=\"saorimage.default\">\n\t\t\t\t<div class=\"elementor-widget-container\">\n\t\t\t\t\t<div class=\"img1 th-anim mb-35\"><img decoding=\"async\" src=\"https:\/\/clarylegal.cl\/wp-content\/uploads\/2025\/07\/Chiley.webp\" alt=\"Chiley\"  \/><\/div>\t\t\t\t<\/div>\n\t\t\t\t<\/div>\n\t\t\t\t<\/div>\n\t\t\t\t<\/div>\n\t\t\t\t\t<\/details>\n\t\t\t\t\t<\/div>\n\t\t\t\t\t\t<\/div>\n\t\t\t\t<\/div>\n\t\t\t\t\t<\/div>\n\t\t\t\t<\/div>\n\t\t<div class=\"elementor-element elementor-element-357a1899 e-con-full e-flex e-con e-parent\" data-id=\"357a1899\" data-element_type=\"container\" data-settings=\"{&quot;background_background&quot;:&quot;classic&quot;}\">\n\t\t<div class=\"elementor-element elementor-element-1cc47574 e-flex e-con-boxed e-con e-child\" data-id=\"1cc47574\" data-element_type=\"container\">\n\t\t\t\t\t<div class=\"e-con-inner\">\n\t\t\t\t<div class=\"elementor-element elementor-element-3feff22e elementor-widget__width-inherit elementor-widget-tablet__width-inherit elementor-widget elementor-widget-saorsectiontitle\" data-id=\"3feff22e\" data-element_type=\"widget\" data-widget_type=\"saorsectiontitle.default\">\n\t\t\t\t<div class=\"elementor-widget-container\">\n\t\t\t\t\t\t\t<div class=\"title-area text-center \">\r\n\t\t\t<span class=\"sub-title sub-title sub-title2 text-ani-style2\">Contacto<\/span><h2 class=\"sec-title sec-title text-ani-style3\">No dejes que la falta de informaci\u00f3n te juegue en contra<\/h2><p>En Clary, hacemos que el derecho sea claro y accesible para todos. Tu experiencia, nuestra claridad: revisa, difunde o acompa\u00f1anos a crear y difundir una gu\u00eda: todo suma.<\/p>\t\t<\/div>\r\n\r\n\t\t\t\t\t<\/div>\n\t\t\t\t<\/div>\n\t\t\t\t\t<\/div>\n\t\t\t\t<\/div>\n\t\t<div class=\"elementor-element elementor-element-8a62258 e-flex e-con-boxed e-con e-child\" data-id=\"8a62258\" data-element_type=\"container\">\n\t\t\t\t\t<div class=\"e-con-inner\">\n\t\t\t\t<div class=\"elementor-element elementor-element-66fc8b22 elementor-widget elementor-widget-saorcontactform\" data-id=\"66fc8b22\" data-element_type=\"widget\" data-widget_type=\"saorcontactform.default\">\n\t\t\t\t<div class=\"elementor-widget-container\">\n\t\t\t\t\t<div class=\"search-contact text-center\">\n<div class=\"wpcf7 no-js\" id=\"wpcf7-f3628-o1\" lang=\"en-US\" dir=\"ltr\" data-wpcf7-id=\"3628\">\n<div class=\"screen-reader-response\"><p role=\"status\" aria-live=\"polite\" aria-atomic=\"true\"><\/p> <ul><\/ul><\/div>\n<form action=\"\/index.php?rest_route=%2Fwp%2Fv2%2Fpages%2F5251#wpcf7-f3628-o1\" method=\"post\" class=\"wpcf7-form init\" aria-label=\"Contact form\" novalidate=\"novalidate\" data-status=\"init\">\n<fieldset class=\"hidden-fields-container\"><input type=\"hidden\" name=\"_wpcf7\" value=\"3628\" \/><input type=\"hidden\" name=\"_wpcf7_version\" value=\"6.1.2\" \/><input type=\"hidden\" name=\"_wpcf7_locale\" value=\"en_US\" \/><input type=\"hidden\" name=\"_wpcf7_unit_tag\" value=\"wpcf7-f3628-o1\" \/><input type=\"hidden\" name=\"_wpcf7_container_post\" value=\"0\" \/><input type=\"hidden\" name=\"_wpcf7_posted_data_hash\" value=\"\" \/>\n<\/fieldset>\n<div class=\"contact-form style2 ajax-contact\">\n                            <h3 class=\"text-center mb-30\">\u00bfNecesitas gu\u00eda para algo en particular?<\/h3>\n                            <div class=\"row\">\n                                <div class=\"col-md-6 form-group\">\n<span class=\"wpcf7-form-control-wrap\" data-name=\"text-886\"><input size=\"40\" maxlength=\"400\" class=\"wpcf7-form-control wpcf7-text form-control\" aria-invalid=\"false\" placeholder=\"Nombre*\" value=\"\" type=\"text\" name=\"text-886\" \/><\/span>\n                                    <i class=\"far fa-user\"><\/i>\n                                <\/div>\n                                <div class=\"col-md-6 form-group\">\n<span class=\"wpcf7-form-control-wrap\" data-name=\"text-922\"><input size=\"40\" maxlength=\"400\" class=\"wpcf7-form-control wpcf7-text form-control\" aria-invalid=\"false\" placeholder=\"Email*\" value=\"\" type=\"text\" name=\"text-922\" \/><\/span>\n                                    <i class=\"far fa-envelope\"><\/i>\n                                <\/div>\n                                <div class=\"col-md-6 form-group\">\n<span class=\"wpcf7-form-control-wrap\" data-name=\"tel-37\"><input size=\"40\" maxlength=\"400\" class=\"wpcf7-form-control wpcf7-tel wpcf7-text wpcf7-validates-as-tel form-control\" aria-invalid=\"false\" placeholder=\"Telefono*\" value=\"\" type=\"tel\" name=\"tel-37\" \/><\/span>\n                                    <i class=\"fal fa-phone\"><\/i>\n                                <\/div>\n                               \n                                <div class=\"form-group col-12\">\n<span class=\"wpcf7-form-control-wrap\" data-name=\"textarea-411\"><textarea cols=\"40\" rows=\"10\" maxlength=\"2000\" class=\"wpcf7-form-control wpcf7-textarea form-control\" aria-invalid=\"false\" placeholder=\"Cu\u00e9ntanos tu problema y veremos c\u00f3mo podemos ayudarte o derivarte*\" name=\"textarea-411\"><\/textarea><\/span>\n                                    <i class=\"fal fa-pencil\"><\/i>\n                                <\/div>\n                                <div class=\"col-12 form-group mb-0 text-center\">\n                                    <button class=\"th-btn th-radius\">Enviar<\/button>\n                                <\/div>\n                            <\/div>\n                            <p class=\"form-messages mb-0 mt-3\"><\/p>\n                        <\/div><div class=\"wpcf7-response-output\" aria-hidden=\"true\"><\/div>\n<\/form>\n<\/div>\n<\/div>\t\t\t\t<\/div>\n\t\t\t\t<\/div>\n\t\t\t\t\t<\/div>\n\t\t\t\t<\/div>\n\t\t\t\t<\/div>\n\t\t\t\t<\/div>\n\t\t","protected":false},"excerpt":{"rendered":"<p>Colaboradores Colaboradores Externos En Clary creemos en la colaboraci\u00f3n: universidades, ONGs, estudios, empresas y personas que comparten nuestro objetivo de explicar el derecho en simple. Sumamos tiempo, revisi\u00f3n de contenidos, difusi\u00f3n y apoyo para llegar a m\u00e1s lugares y aulas. Si quieres aportar, aqu\u00ed encuentras formas concretas de sumarte. Instituciones Fundaci\u00f3n Encuentra tu Lugar Encuentra&#8230;<\/p>\n","protected":false},"author":1,"featured_media":0,"parent":0,"menu_order":0,"comment_status":"closed","ping_status":"closed","template":"","meta":{"inline_featured_image":false,"footnotes":""},"class_list":["post-5251","page","type-page","status-publish","hentry"],"_links":{"self":[{"href":"https:\/\/clarylegal.cl\/index.php?rest_route=\/wp\/v2\/pages\/5251","targetHints":{"allow":["GET"]}}],"collection":[{"href":"https:\/\/clarylegal.cl\/index.php?rest_route=\/wp\/v2\/pages"}],"about":[{"href":"https:\/\/clarylegal.cl\/index.php?rest_route=\/wp\/v2\/types\/page"}],"author":[{"embeddable":true,"href":"https:\/\/clarylegal.cl\/index.php?rest_route=\/wp\/v2\/users\/1"}],"replies":[{"embeddable":true,"href":"https:\/\/clarylegal.cl\/index.php?rest_route=%2Fwp%2Fv2%2Fcomments&post=5251"}],"version-history":[{"count":46,"href":"https:\/\/clarylegal.cl\/index.php?rest_route=\/wp\/v2\/pages\/5251\/revisions"}],"predecessor-version":[{"id":5813,"href":"https:\/\/clarylegal.cl\/index.php?rest_route=\/wp\/v2\/pages\/5251\/revisions\/5813"}],"wp:attachment":[{"href":"https:\/\/clarylegal.cl\/index.php?rest_route=%2Fwp%2Fv2%2Fmedia&parent=5251"}],"curies":[{"name":"wp","href":"https:\/\/api.w.org\/{rel}","templated":true}]}}